{"id":164,"date":"2026-05-12T21:12:51","date_gmt":"2026-05-12T18:12:51","guid":{"rendered":"https:\/\/kuoppaharjurock.fi\/?page_id=164"},"modified":"2026-05-14T17:28:51","modified_gmt":"2026-05-14T14:28:51","slug":"grillikahvila","status":"publish","type":"page","link":"https:\/\/kuoppaharjurock.fi\/index.php\/grillikahvila\/","title":{"rendered":"Grillikahvila"},"content":{"rendered":"","protected":false},"excerpt":{"rendered":"","protected":false},"author":3,"featured_media":0,"parent":0,"menu_order":0,"comment_status":"closed","ping_status":"closed","template":"","meta":{"_acf_changed":false,"footnotes":""},"class_list":["post-164","page","type-page","status-publish","hentry"],"acf":[],"yoast_head":"<!-- This site is optimized with the Yoast SEO plugin v27.6 - https:\/\/yoast.com\/product\/yoast-seo-wordpress\/ -->\n<title>Grillikahvila - Kuoppaharju Rock 2026<\/title>\n<meta name=\"description\" content=\"Grillikahvila pit\u00e4\u00e4 yleis\u00f6n kyll\u00e4isen\u00e4.\" \/>\n<meta name=\"robots\" content=\"index, follow, max-snippet:-1, max-image-preview:large, max-video-preview:-1\" \/>\n<link rel=\"canonical\" href=\"https:\/\/kuoppaharjurock.fi\/index.php\/grillikahvila\/\" \/>\n<meta property=\"og:locale\" content=\"fi_FI\" \/>\n<meta property=\"og:type\" content=\"article\" \/>\n<meta property=\"og:title\" content=\"Grillikahvila - Kuoppaharju Rock 2026\" \/>\n<meta property=\"og:description\" content=\"Grillikahvila pit\u00e4\u00e4 yleis\u00f6n kyll\u00e4isen\u00e4.\" \/>\n<meta property=\"og:url\" content=\"https:\/\/kuoppaharjurock.fi\/index.php\/grillikahvila\/\" \/>\n<meta property=\"og:site_name\" content=\"Kuoppaharju Rock 2026\" \/>\n<meta property=\"article:modified_time\" content=\"2026-05-14T14:28:51+00:00\" \/>\n<meta name=\"twitter:card\" content=\"summary_large_image\" \/>\n<meta name=\"twitter:label1\" content=\"Arvioitu lukuaika\" \/>\n\t<meta name=\"twitter:data1\" content=\"2 minuuttia\" \/>\n<script type=\"application\/ld+json\" class=\"yoast-schema-graph\">{\"@context\":\"https:\\\/\\\/schema.org\",\"@graph\":[{\"@type\":\"WebPage\",\"@id\":\"https:\\\/\\\/kuoppaharjurock.fi\\\/index.php\\\/grillikahvila\\\/\",\"url\":\"https:\\\/\\\/kuoppaharjurock.fi\\\/index.php\\\/grillikahvila\\\/\",\"name\":\"Grillikahvila - Kuoppaharju Rock 2026\",\"isPartOf\":{\"@id\":\"https:\\\/\\\/kuoppaharjurock.fi\\\/#website\"},\"datePublished\":\"2026-05-12T18:12:51+00:00\",\"dateModified\":\"2026-05-14T14:28:51+00:00\",\"description\":\"Grillikahvila pit\u00e4\u00e4 yleis\u00f6n kyll\u00e4isen\u00e4.\",\"breadcrumb\":{\"@id\":\"https:\\\/\\\/kuoppaharjurock.fi\\\/index.php\\\/grillikahvila\\\/#breadcrumb\"},\"inLanguage\":\"fi\",\"potentialAction\":[{\"@type\":\"ReadAction\",\"target\":[\"https:\\\/\\\/kuoppaharjurock.fi\\\/index.php\\\/grillikahvila\\\/\"]}]},{\"@type\":\"BreadcrumbList\",\"@id\":\"https:\\\/\\\/kuoppaharjurock.fi\\\/index.php\\\/grillikahvila\\\/#breadcrumb\",\"itemListElement\":[{\"@type\":\"ListItem\",\"position\":1,\"name\":\"Home\",\"item\":\"https:\\\/\\\/kuoppaharjurock.fi\\\/\"},{\"@type\":\"ListItem\",\"position\":2,\"name\":\"Grillikahvila\"}]},{\"@type\":\"WebSite\",\"@id\":\"https:\\\/\\\/kuoppaharjurock.fi\\\/#website\",\"url\":\"https:\\\/\\\/kuoppaharjurock.fi\\\/\",\"name\":\"Kuoppaharju Rock 2026\",\"description\":\"Kuoppaharju Rock on kotikutoinen ja p\u00e4\u00e4symaksuton el\u00e4v\u00e4n musiikin kes\u00e4tapahtuma Siilinj\u00e4rven ja Kuopion v\u00e4limaastossa sijaitsevalla Kuoppaharjun tilalla.\",\"potentialAction\":[{\"@type\":\"SearchAction\",\"target\":{\"@type\":\"EntryPoint\",\"urlTemplate\":\"https:\\\/\\\/kuoppaharjurock.fi\\\/?s={search_term_string}\"},\"query-input\":{\"@type\":\"PropertyValueSpecification\",\"valueRequired\":true,\"valueName\":\"search_term_string\"}}],\"inLanguage\":\"fi\"}]}<\/script>\n<!-- \/ Yoast SEO plugin. -->","yoast_head_json":{"title":"Grillikahvila - Kuoppaharju Rock 2026","description":"Grillikahvila pit\u00e4\u00e4 yleis\u00f6n kyll\u00e4isen\u00e4.","robots":{"index":"index","follow":"follow","max-snippet":"max-snippet:-1","max-image-preview":"max-image-preview:large","max-video-preview":"max-video-preview:-1"},"canonical":"https:\/\/kuoppaharjurock.fi\/index.php\/grillikahvila\/","og_locale":"fi_FI","og_type":"article","og_title":"Grillikahvila - Kuoppaharju Rock 2026","og_description":"Grillikahvila pit\u00e4\u00e4 yleis\u00f6n kyll\u00e4isen\u00e4.","og_url":"https:\/\/kuoppaharjurock.fi\/index.php\/grillikahvila\/","og_site_name":"Kuoppaharju Rock 2026","article_modified_time":"2026-05-14T14:28:51+00:00","twitter_card":"summary_large_image","twitter_misc":{"Arvioitu lukuaika":"2 minuuttia"},"schema":{"@context":"https:\/\/schema.org","@graph":[{"@type":"WebPage","@id":"https:\/\/kuoppaharjurock.fi\/index.php\/grillikahvila\/","url":"https:\/\/kuoppaharjurock.fi\/index.php\/grillikahvila\/","name":"Grillikahvila - Kuoppaharju Rock 2026","isPartOf":{"@id":"https:\/\/kuoppaharjurock.fi\/#website"},"datePublished":"2026-05-12T18:12:51+00:00","dateModified":"2026-05-14T14:28:51+00:00","description":"Grillikahvila pit\u00e4\u00e4 yleis\u00f6n kyll\u00e4isen\u00e4.","breadcrumb":{"@id":"https:\/\/kuoppaharjurock.fi\/index.php\/grillikahvila\/#breadcrumb"},"inLanguage":"fi","potentialAction":[{"@type":"ReadAction","target":["https:\/\/kuoppaharjurock.fi\/index.php\/grillikahvila\/"]}]},{"@type":"BreadcrumbList","@id":"https:\/\/kuoppaharjurock.fi\/index.php\/grillikahvila\/#breadcrumb","itemListElement":[{"@type":"ListItem","position":1,"name":"Home","item":"https:\/\/kuoppaharjurock.fi\/"},{"@type":"ListItem","position":2,"name":"Grillikahvila"}]},{"@type":"WebSite","@id":"https:\/\/kuoppaharjurock.fi\/#website","url":"https:\/\/kuoppaharjurock.fi\/","name":"Kuoppaharju Rock 2026","description":"Kuoppaharju Rock on kotikutoinen ja p\u00e4\u00e4symaksuton el\u00e4v\u00e4n musiikin kes\u00e4tapahtuma Siilinj\u00e4rven ja Kuopion v\u00e4limaastossa sijaitsevalla Kuoppaharjun tilalla.","potentialAction":[{"@type":"SearchAction","target":{"@type":"EntryPoint","urlTemplate":"https:\/\/kuoppaharjurock.fi\/?s={search_term_string}"},"query-input":{"@type":"PropertyValueSpecification","valueRequired":true,"valueName":"search_term_string"}}],"inLanguage":"fi"}]}},"_links":{"self":[{"href":"https:\/\/kuoppaharjurock.fi\/index.php\/wp-json\/wp\/v2\/pages\/164","targetHints":{"allow":["GET"]}}],"collection":[{"href":"https:\/\/kuoppaharjurock.fi\/index.php\/wp-json\/wp\/v2\/pages"}],"about":[{"href":"https:\/\/kuoppaharjurock.fi\/index.php\/wp-json\/wp\/v2\/types\/page"}],"author":[{"embeddable":true,"href":"https:\/\/kuoppaharjurock.fi\/index.php\/wp-json\/wp\/v2\/users\/3"}],"replies":[{"embeddable":true,"href":"https:\/\/kuoppaharjurock.fi\/index.php\/wp-json\/wp\/v2\/comments?post=164"}],"version-history":[{"count":18,"href":"https:\/\/kuoppaharjurock.fi\/index.php\/wp-json\/wp\/v2\/pages\/164\/revisions"}],"predecessor-version":[{"id":243,"href":"https:\/\/kuoppaharjurock.fi\/index.php\/wp-json\/wp\/v2\/pages\/164\/revisions\/243"}],"wp:attachment":[{"href":"https:\/\/kuoppaharjurock.fi\/index.php\/wp-json\/wp\/v2\/media?parent=164"}],"curies":[{"name":"wp","href":"https:\/\/api.w.org\/{rel}","templated":true}]}}