{"id":12,"date":"2025-10-29T11:27:47","date_gmt":"2025-10-29T09:27:47","guid":{"rendered":"https:\/\/kuoppaharjurock.fi\/?page_id=12"},"modified":"2026-05-14T18:39:20","modified_gmt":"2026-05-14T15:39:20","slug":"aikataulu","status":"publish","type":"page","link":"https:\/\/kuoppaharjurock.fi\/index.php\/aikataulu\/","title":{"rendered":"Esiintyj\u00e4t"},"content":{"rendered":"","protected":false},"excerpt":{"rendered":"","protected":false},"author":1,"featured_media":0,"parent":0,"menu_order":2,"comment_status":"closed","ping_status":"closed","template":"","meta":{"_acf_changed":false,"footnotes":""},"class_list":["post-12","page","type-page","status-publish","hentry"],"acf":[],"yoast_head":"<!-- This site is optimized with the Yoast SEO plugin v27.6 - https:\/\/yoast.com\/product\/yoast-seo-wordpress\/ -->\n<title>Esiintyj\u00e4t - Kuoppaharju Rock 2026<\/title>\n<meta name=\"description\" content=\"Lauantaina 18.7.2026 Kuoppaharju Rock -tapahtumassa esiintyy kuusi rockb\u00e4ndi\u00e4. Ensimm\u00e4inen aloittaa 16:00 ja viimeinen lopettaa 22:00. B\u00e4ndien v\u00e4liss\u00e4 jamit sivulavalla.\" \/>\n<meta name=\"robots\" content=\"index, follow, max-snippet:-1, max-image-preview:large, max-video-preview:-1\" \/>\n<link rel=\"canonical\" href=\"https:\/\/kuoppaharjurock.fi\/index.php\/aikataulu\/\" \/>\n<meta property=\"og:locale\" content=\"fi_FI\" \/>\n<meta property=\"og:type\" content=\"article\" \/>\n<meta property=\"og:title\" content=\"Esiintyj\u00e4t - Kuoppaharju Rock 2026\" \/>\n<meta property=\"og:description\" content=\"Lauantaina 18.7.2026 Kuoppaharju Rock -tapahtumassa esiintyy kuusi rockb\u00e4ndi\u00e4. Ensimm\u00e4inen aloittaa 16:00 ja viimeinen lopettaa 22:00. B\u00e4ndien v\u00e4liss\u00e4 jamit sivulavalla.\" \/>\n<meta property=\"og:url\" content=\"https:\/\/kuoppaharjurock.fi\/index.php\/aikataulu\/\" \/>\n<meta property=\"og:site_name\" content=\"Kuoppaharju Rock 2026\" \/>\n<meta property=\"article:modified_time\" content=\"2026-05-14T15:39:20+00:00\" \/>\n<meta name=\"twitter:card\" content=\"summary_large_image\" \/>\n<meta name=\"twitter:label1\" content=\"Arvioitu lukuaika\" \/>\n\t<meta name=\"twitter:data1\" content=\"4 minuuttia\" \/>\n<script type=\"application\/ld+json\" class=\"yoast-schema-graph\">{\"@context\":\"https:\\\/\\\/schema.org\",\"@graph\":[{\"@type\":\"WebPage\",\"@id\":\"https:\\\/\\\/kuoppaharjurock.fi\\\/index.php\\\/aikataulu\\\/\",\"url\":\"https:\\\/\\\/kuoppaharjurock.fi\\\/index.php\\\/aikataulu\\\/\",\"name\":\"Esiintyj\u00e4t - Kuoppaharju Rock 2026\",\"isPartOf\":{\"@id\":\"https:\\\/\\\/kuoppaharjurock.fi\\\/#website\"},\"datePublished\":\"2025-10-29T09:27:47+00:00\",\"dateModified\":\"2026-05-14T15:39:20+00:00\",\"description\":\"Lauantaina 18.7.2026 Kuoppaharju Rock -tapahtumassa esiintyy kuusi rockb\u00e4ndi\u00e4. Ensimm\u00e4inen aloittaa 16:00 ja viimeinen lopettaa 22:00. B\u00e4ndien v\u00e4liss\u00e4 jamit sivulavalla.\",\"breadcrumb\":{\"@id\":\"https:\\\/\\\/kuoppaharjurock.fi\\\/index.php\\\/aikataulu\\\/#breadcrumb\"},\"inLanguage\":\"fi\",\"potentialAction\":[{\"@type\":\"ReadAction\",\"target\":[\"https:\\\/\\\/kuoppaharjurock.fi\\\/index.php\\\/aikataulu\\\/\"]}]},{\"@type\":\"BreadcrumbList\",\"@id\":\"https:\\\/\\\/kuoppaharjurock.fi\\\/index.php\\\/aikataulu\\\/#breadcrumb\",\"itemListElement\":[{\"@type\":\"ListItem\",\"position\":1,\"name\":\"Home\",\"item\":\"https:\\\/\\\/kuoppaharjurock.fi\\\/\"},{\"@type\":\"ListItem\",\"position\":2,\"name\":\"Esiintyj\u00e4t\"}]},{\"@type\":\"WebSite\",\"@id\":\"https:\\\/\\\/kuoppaharjurock.fi\\\/#website\",\"url\":\"https:\\\/\\\/kuoppaharjurock.fi\\\/\",\"name\":\"Kuoppaharju Rock 2026\",\"description\":\"Kuoppaharju Rock on kotikutoinen ja p\u00e4\u00e4symaksuton el\u00e4v\u00e4n musiikin kes\u00e4tapahtuma Siilinj\u00e4rven ja Kuopion v\u00e4limaastossa sijaitsevalla Kuoppaharjun tilalla.\",\"potentialAction\":[{\"@type\":\"SearchAction\",\"target\":{\"@type\":\"EntryPoint\",\"urlTemplate\":\"https:\\\/\\\/kuoppaharjurock.fi\\\/?s={search_term_string}\"},\"query-input\":{\"@type\":\"PropertyValueSpecification\",\"valueRequired\":true,\"valueName\":\"search_term_string\"}}],\"inLanguage\":\"fi\"}]}<\/script>\n<!-- \/ Yoast SEO plugin. -->","yoast_head_json":{"title":"Esiintyj\u00e4t - Kuoppaharju Rock 2026","description":"Lauantaina 18.7.2026 Kuoppaharju Rock -tapahtumassa esiintyy kuusi rockb\u00e4ndi\u00e4. Ensimm\u00e4inen aloittaa 16:00 ja viimeinen lopettaa 22:00. B\u00e4ndien v\u00e4liss\u00e4 jamit sivulavalla.","robots":{"index":"index","follow":"follow","max-snippet":"max-snippet:-1","max-image-preview":"max-image-preview:large","max-video-preview":"max-video-preview:-1"},"canonical":"https:\/\/kuoppaharjurock.fi\/index.php\/aikataulu\/","og_locale":"fi_FI","og_type":"article","og_title":"Esiintyj\u00e4t - Kuoppaharju Rock 2026","og_description":"Lauantaina 18.7.2026 Kuoppaharju Rock -tapahtumassa esiintyy kuusi rockb\u00e4ndi\u00e4. Ensimm\u00e4inen aloittaa 16:00 ja viimeinen lopettaa 22:00. B\u00e4ndien v\u00e4liss\u00e4 jamit sivulavalla.","og_url":"https:\/\/kuoppaharjurock.fi\/index.php\/aikataulu\/","og_site_name":"Kuoppaharju Rock 2026","article_modified_time":"2026-05-14T15:39:20+00:00","twitter_card":"summary_large_image","twitter_misc":{"Arvioitu lukuaika":"4 minuuttia"},"schema":{"@context":"https:\/\/schema.org","@graph":[{"@type":"WebPage","@id":"https:\/\/kuoppaharjurock.fi\/index.php\/aikataulu\/","url":"https:\/\/kuoppaharjurock.fi\/index.php\/aikataulu\/","name":"Esiintyj\u00e4t - Kuoppaharju Rock 2026","isPartOf":{"@id":"https:\/\/kuoppaharjurock.fi\/#website"},"datePublished":"2025-10-29T09:27:47+00:00","dateModified":"2026-05-14T15:39:20+00:00","description":"Lauantaina 18.7.2026 Kuoppaharju Rock -tapahtumassa esiintyy kuusi rockb\u00e4ndi\u00e4. Ensimm\u00e4inen aloittaa 16:00 ja viimeinen lopettaa 22:00. B\u00e4ndien v\u00e4liss\u00e4 jamit sivulavalla.","breadcrumb":{"@id":"https:\/\/kuoppaharjurock.fi\/index.php\/aikataulu\/#breadcrumb"},"inLanguage":"fi","potentialAction":[{"@type":"ReadAction","target":["https:\/\/kuoppaharjurock.fi\/index.php\/aikataulu\/"]}]},{"@type":"BreadcrumbList","@id":"https:\/\/kuoppaharjurock.fi\/index.php\/aikataulu\/#breadcrumb","itemListElement":[{"@type":"ListItem","position":1,"name":"Home","item":"https:\/\/kuoppaharjurock.fi\/"},{"@type":"ListItem","position":2,"name":"Esiintyj\u00e4t"}]},{"@type":"WebSite","@id":"https:\/\/kuoppaharjurock.fi\/#website","url":"https:\/\/kuoppaharjurock.fi\/","name":"Kuoppaharju Rock 2026","description":"Kuoppaharju Rock on kotikutoinen ja p\u00e4\u00e4symaksuton el\u00e4v\u00e4n musiikin kes\u00e4tapahtuma Siilinj\u00e4rven ja Kuopion v\u00e4limaastossa sijaitsevalla Kuoppaharjun tilalla.","potentialAction":[{"@type":"SearchAction","target":{"@type":"EntryPoint","urlTemplate":"https:\/\/kuoppaharjurock.fi\/?s={search_term_string}"},"query-input":{"@type":"PropertyValueSpecification","valueRequired":true,"valueName":"search_term_string"}}],"inLanguage":"fi"}]}},"_links":{"self":[{"href":"https:\/\/kuoppaharjurock.fi\/index.php\/wp-json\/wp\/v2\/pages\/12","targetHints":{"allow":["GET"]}}],"collection":[{"href":"https:\/\/kuoppaharjurock.fi\/index.php\/wp-json\/wp\/v2\/pages"}],"about":[{"href":"https:\/\/kuoppaharjurock.fi\/index.php\/wp-json\/wp\/v2\/types\/page"}],"author":[{"embeddable":true,"href":"https:\/\/kuoppaharjurock.fi\/index.php\/wp-json\/wp\/v2\/users\/1"}],"replies":[{"embeddable":true,"href":"https:\/\/kuoppaharjurock.fi\/index.php\/wp-json\/wp\/v2\/comments?post=12"}],"version-history":[{"count":51,"href":"https:\/\/kuoppaharjurock.fi\/index.php\/wp-json\/wp\/v2\/pages\/12\/revisions"}],"predecessor-version":[{"id":285,"href":"https:\/\/kuoppaharjurock.fi\/index.php\/wp-json\/wp\/v2\/pages\/12\/revisions\/285"}],"wp:attachment":[{"href":"https:\/\/kuoppaharjurock.fi\/index.php\/wp-json\/wp\/v2\/media?parent=12"}],"curies":[{"name":"wp","href":"https:\/\/api.w.org\/{rel}","templated":true}]}}